{"id":6591,"date":"2022-03-21T08:52:29","date_gmt":"2022-03-21T07:52:29","guid":{"rendered":"https:\/\/www.campermenorca.com\/completer\/"},"modified":"2022-06-21T16:15:29","modified_gmt":"2022-06-21T15:15:29","slug":"completer","status":"publish","type":"page","link":"https:\/\/www.campermenorca.com\/fr\/completer\/","title":{"rendered":"&#8211; Compl\u00e9ter"},"content":{"rendered":"\t\t<div data-elementor-type=\"wp-page\" data-elementor-id=\"6591\" class=\"elementor elementor-6591 elementor-7\">\n\t\t\t\t\t\t<section class=\"has_eae_slider elementor-section elementor-top-section elementor-element elementor-element-1605bd5 elementor-section-height-min-height elementor-section-stretched elementor-section-boxed elementor-section-height-default elementor-section-items-middle\" data-eae-slider=\"17677\" data-id=\"1605bd5\" data-element_type=\"section\" data-e-type=\"section\" data-settings=\"{&quot;stretch_section&quot;:&quot;section-stretched&quot;,&quot;background_background&quot;:&quot;classic&quot;,&quot;shape_divider_bottom&quot;:&quot;waves&quot;,&quot;shape_divider_bottom_negative&quot;:&quot;yes&quot;}\">\n\t\t\t\t\t\t\t<div class=\"elementor-background-overlay\"><\/div>\n\t\t\t\t\t\t<div class=\"elementor-shape elementor-shape-bottom\" aria-hidden=\"true\" data-negative=\"true\">\n\t\t\t<svg xmlns=\"http:\/\/www.w3.org\/2000\/svg\" viewBox=\"0 0 1000 100\" preserveAspectRatio=\"none\">\n\t<path class=\"elementor-shape-fill\" d=\"M790.5,93.1c-59.3-5.3-116.8-18-192.6-50c-29.6-12.7-76.9-31-100.5-35.9c-23.6-4.9-52.6-7.8-75.5-5.3\n\tc-10.2,1.1-22.6,1.4-50.1,7.4c-27.2,6.3-58.2,16.6-79.4,24.7c-41.3,15.9-94.9,21.9-134,22.6C72,58.2,0,25.8,0,25.8V100h1000V65.3\n\tc0,0-51.5,19.4-106.2,25.7C839.5,97,814.1,95.2,790.5,93.1z\"\/>\n<\/svg>\t\t<\/div>\n\t\t\t\t\t<div class=\"elementor-container elementor-column-gap-default\">\n\t\t\t\t\t<div class=\"has_eae_slider elementor-column elementor-col-100 elementor-top-column elementor-element elementor-element-12081f4\" data-eae-slider=\"92856\" data-id=\"12081f4\" data-element_type=\"column\" data-e-type=\"column\">\n\t\t\t<div class=\"elementor-widget-wrap\">\n\t\t\t\t\t\t\t<\/div>\n\t\t<\/div>\n\t\t\t\t\t<\/div>\n\t\t<\/section>\n\t\t\t\t<section class=\"has_eae_slider elementor-section elementor-top-section elementor-element elementor-element-1c40e6cc elementor-section-boxed elementor-section-height-default elementor-section-height-default\" data-eae-slider=\"62338\" data-id=\"1c40e6cc\" data-element_type=\"section\" data-e-type=\"section\">\n\t\t\t\t\t\t<div class=\"elementor-container elementor-column-gap-default\">\n\t\t\t\t\t<div class=\"has_eae_slider elementor-column elementor-col-100 elementor-top-column elementor-element elementor-element-9074a7a\" data-eae-slider=\"51574\" data-id=\"9074a7a\" data-element_type=\"column\" data-e-type=\"column\">\n\t\t\t<div class=\"elementor-widget-wrap elementor-element-populated\">\n\t\t\t\t\t\t<div class=\"elementor-element elementor-element-7ed49750 elementor-widget elementor-widget-text-editor\" data-id=\"7ed49750\" data-element_type=\"widget\" data-e-type=\"widget\" data-widget_type=\"text-editor.default\">\n\t\t\t\t<div class=\"elementor-widget-container\">\n\t\t\t\t\t\t\t\t\t<p>\n<div class=\"mybooking-process-page \">\n  <!-- Reservation detail sticky -->\n  <div id=\"reservation_detail_sticky\" class=\"sticky-top\"><\/div>\n\n  <section class=\"mybooking mybooking-process_complete mybooking-page-container\">\n    <!-- \/\/ Multiple products items (script_mybooking-summary_product_detail_table) -->\n    <div id=\"mybooking_summary_product_detail_table\"><\/div>\n  \n    <div class=\"mb-row invert\">\n      <div class=\"mybooking-sidebar mb-col-md-6 mb-col-lg-4\">\n        <!-- Reservation detail\/summary (script_reservation_summary) -->\n        <div id=\"reservation_detail\"><\/div>\n      <\/div>\n      \n      <div class=\"mb-col-md-6 mb-col-lg-8\">\n        <!-- Extras Selection (script_detailed_extra) -->\n        <div id=\"extras_listing\"><\/div>\n\n        <!-- Reservation complete form -->\n        <div class=\"reservation_form_container mb-section mb-panel-container\">\n          <form class=\"mybooking-form\" id=\"form-reservation\" name=\"reservation_form\" autocomplete=\"off\">\n            <!-- Customer data -->\n            <h3 class=\"mb-section_title complete-section-title customer_component\">\n              Coordonn\u00e9es du client            <\/h3>\n\n            <div class=\"mb-form-group mb-form-row customer_component\">\n              <div class=\"mb-col-md-6 mb-col-sm-12\">\n                <label for=\"customer_name\">Pr\u00e9nom*<\/label>\n                <input class=\"mb-form-control\" type=\"text\" name=\"customer_name\" id=\"customer_name\" autocomplete=\"off\" placeholder=\"Pr\u00e9nom:*\" maxlength=\"40\">\n              <\/div>\n              <div class=\"mb-col-md-6 mb-col-sm-12\">\n                <label for=\"customer_surname\">Nom de famille*<\/label>\n                <input class=\"mb-form-control\" type=\"text\" name=\"customer_surname\" id=\"customer_surname\" autocomplete=\"off\" placeholder=\"Nom de famille:*\" maxlength=\"40\">\n              <\/div>\n            <\/div>\n\n            <div class=\"mb-form-group mb-form-row customer_component\">\n              <div class=\"mb-col-md-6 mb-col-sm-12\">\n                <label for=\"customer_email\">E-mail*<\/label>\n                <input class=\"mb-form-control\" type=\"text\" name=\"customer_email\" id=\"customer_email\" autocomplete=\"off\" placeholder=\"E-mail:*\" maxlength=\"50\">\n              <\/div>\n              <div class=\"mb-col-md-6 mb-col-sm-12\">\n                <label for=\"customer_email\">Confirmez votre e-mail*<\/label>\n                <input class=\"mb-form-control\" type=\"text\" name=\"confirm_customer_email\" autocomplete=\"off\" id=\"confirm_customer_email\" placeholder=\"Confirmez votre e-mail:*\" maxlength=\"50\">\n              <\/div>\n            <\/div>\n\n            <div class=\"mb-form-group mb-form-row customer_component\">\n              <div class=\"mb-col-md-6 mb-col-sm-12\">\n                <label for=\"customer_phone\">Num\u00e9ro de t\u00e9l\u00e9phone*<\/label>\n                <input class=\"mb-form-control\" type=\"text\" name=\"customer_phone\" id=\"customer_phone\" autocomplete=\"off\" placeholder=\"Num\u00e9ro de t\u00e9l\u00e9phone:*\" maxlength=\"15\">\n              <\/div>\n              <div class=\"mb-col-md-6 mb-col-sm-12\">\n                <label for=\"customer_mobile_phone\">Num\u00e9ro de t\u00e9l\u00e9phone alternatif<\/label>\n                <input class=\"mb-form-control\" type=\"text\" name=\"customer_mobile_phone\" id=\"customer_mobile_phone\" autocomplete=\"off\" placeholder=\"Num\u00e9ro de t\u00e9l\u00e9phone alternatif:\" maxlength=\"15\">\n              <\/div>\n            <\/div>\n\n            <br\/>\n\n            <!-- Aditional info -->\n            <h3 class=\"mb-section_title complete-section-title\">\n              Information additionnelle            <\/h3>\n\n            <div class=\"mb-form-group mb-form-row js-mb-delivery-slot-skipper-container\" style=\"display: none\">\n              <div class=\"mb-col-md-6 mb-col-sm-12 js-mb-delivery-slot\" style=\"display: none\">\n                <label\n                  for=\"slot_time_from\">S\u00e9lectionnez l&#039;horaire qui convient \u00e0 vos besoins<\/label>\n                <select class=\"mb-form-control\" id=\"slot_time_from\" name=\"slot_time_from\"><\/select>\n              <\/div>\n              <div class=\"mb-col-md-6 mb-col-sm-12 js-mb-optional-external-driver\" style=\"display: none\">\n                <label\n                  for=\"slot_time_from\">Aurez-vous besoin d&#039;un skipper?<\/label>\n                <select class=\"mb-form-control\" id=\"with_optional_external_driver\" name=\"with_optional_external_driver\">\n                  <option value=\"\"><\/option>\n                  <option value=\"false\">Non<\/option>\n                  <option value=\"true\">Oui<\/option>\n                <\/select>\n              <\/div>\n            <\/div>\n\n            <div class=\"mb-form-group\">\n              <label for=\"comments\">Commentaires<\/label>\n              <textarea class=\"mb-form-control\" name=\"comments\" id=\"comments\" placeholder=\"Commentaires\"><\/textarea>\n            <\/div>\n\n            <br\/>\n\n            <!-- Reservation : payment (script_payment_detail) -->\n            <div id=\"payment_detail\"><\/div>\n          <\/form>\n        <\/div>\n      <\/div>\n    <\/div>\n  <\/section>\n<\/div>\n\n<!-- Show extra detail modal -->\n<div class=\"mybooking mybooking-detail_modal mybooking-modal modal-mybooking\" tabindex=\"-1\" role=\"dialog\" id=\"modalExtraDetail_MBM\">\n  <h2 class=\"mybooking-modal_title modal-extra-detail-title\"><\/h2>\n  <div class=\"mybooking-modal_body modal-extra-detail-content\"><\/div>\n<\/div><\/p>\n\t\t\t\t\t\t\t\t<\/div>\n\t\t\t\t<\/div>\n\t\t\t\t\t<\/div>\n\t\t<\/div>\n\t\t\t\t\t<\/div>\n\t\t<\/section>\n\t\t\t\t<\/div>\n\t\t","protected":false},"excerpt":{"rendered":"","protected":false},"author":4,"featured_media":0,"parent":0,"menu_order":0,"comment_status":"closed","ping_status":"closed","template":"elementor_header_footer","meta":{"ocean_post_layout":"","ocean_both_sidebars_style":"","ocean_both_sidebars_content_width":0,"ocean_both_sidebars_sidebars_width":0,"ocean_sidebar":"0","ocean_second_sidebar":"0","ocean_disable_margins":"on","ocean_add_body_class":"","ocean_shortcode_before_top_bar":"","ocean_shortcode_after_top_bar":"","ocean_shortcode_before_header":"","ocean_shortcode_after_header":"","ocean_has_shortcode":"","ocean_shortcode_after_title":"","ocean_shortcode_before_footer_widgets":"","ocean_shortcode_after_footer_widgets":"","ocean_shortcode_before_footer_bottom":"","ocean_shortcode_after_footer_bottom":"","ocean_display_top_bar":"default","ocean_display_header":"default","ocean_header_style":"","ocean_center_header_left_menu":"0","ocean_custom_header_template":"0","ocean_custom_logo":0,"ocean_custom_retina_logo":0,"ocean_custom_logo_max_width":0,"ocean_custom_logo_tablet_max_width":0,"ocean_custom_logo_mobile_max_width":0,"ocean_custom_logo_max_height":0,"ocean_custom_logo_tablet_max_height":0,"ocean_custom_logo_mobile_max_height":0,"ocean_header_custom_menu":"0","ocean_menu_typo_font_family":"0","ocean_menu_typo_font_subset":"","ocean_menu_typo_font_size":0,"ocean_menu_typo_font_size_tablet":0,"ocean_menu_typo_font_size_mobile":0,"ocean_menu_typo_font_size_unit":"px","ocean_menu_typo_font_weight":"","ocean_menu_typo_font_weight_tablet":"","ocean_menu_typo_font_weight_mobile":"","ocean_menu_typo_transform":"","ocean_menu_typo_transform_tablet":"","ocean_menu_typo_transform_mobile":"","ocean_menu_typo_line_height":0,"ocean_menu_typo_line_height_tablet":0,"ocean_menu_typo_line_height_mobile":0,"ocean_menu_typo_line_height_unit":"","ocean_menu_typo_spacing":0,"ocean_menu_typo_spacing_tablet":0,"ocean_menu_typo_spacing_mobile":0,"ocean_menu_typo_spacing_unit":"","ocean_menu_link_color":"","ocean_menu_link_color_hover":"","ocean_menu_link_color_active":"","ocean_menu_link_background":"","ocean_menu_link_hover_background":"","ocean_menu_link_active_background":"","ocean_menu_social_links_bg":"","ocean_menu_social_hover_links_bg":"","ocean_menu_social_links_color":"","ocean_menu_social_hover_links_color":"","ocean_disable_title":"default","ocean_disable_heading":"default","ocean_post_title":"","ocean_post_subheading":"","ocean_post_title_style":"","ocean_post_title_background_color":"","ocean_post_title_background":0,"ocean_post_title_bg_image_position":"","ocean_post_title_bg_image_attachment":"","ocean_post_title_bg_image_repeat":"","ocean_post_title_bg_image_size":"","ocean_post_title_height":0,"ocean_post_title_bg_overlay":0.5,"ocean_post_title_bg_overlay_color":"","ocean_disable_breadcrumbs":"default","ocean_breadcrumbs_color":"","ocean_breadcrumbs_separator_color":"","ocean_breadcrumbs_links_color":"","ocean_breadcrumbs_links_hover_color":"","ocean_display_footer_widgets":"default","ocean_display_footer_bottom":"default","ocean_custom_footer_template":"0","_joinchat":[],"footnotes":""},"class_list":["post-6591","page","type-page","status-publish","hentry","entry"],"aioseo_notices":[],"_links":{"self":[{"href":"https:\/\/www.campermenorca.com\/fr\/wp-json\/wp\/v2\/pages\/6591","targetHints":{"allow":["GET"]}}],"collection":[{"href":"https:\/\/www.campermenorca.com\/fr\/wp-json\/wp\/v2\/pages"}],"about":[{"href":"https:\/\/www.campermenorca.com\/fr\/wp-json\/wp\/v2\/types\/page"}],"author":[{"embeddable":true,"href":"https:\/\/www.campermenorca.com\/fr\/wp-json\/wp\/v2\/users\/4"}],"replies":[{"embeddable":true,"href":"https:\/\/www.campermenorca.com\/fr\/wp-json\/wp\/v2\/comments?post=6591"}],"version-history":[{"count":0,"href":"https:\/\/www.campermenorca.com\/fr\/wp-json\/wp\/v2\/pages\/6591\/revisions"}],"wp:attachment":[{"href":"https:\/\/www.campermenorca.com\/fr\/wp-json\/wp\/v2\/media?parent=6591"}],"curies":[{"name":"wp","href":"https:\/\/api.w.org\/{rel}","templated":true}]}}